{"id":41725,"date":"2024-01-08T12:53:30","date_gmt":"2024-01-08T12:53:30","guid":{"rendered":"https:\/\/siemid.com\/?post_type=product&#038;p=41725"},"modified":"2025-10-09T17:40:19","modified_gmt":"2025-10-09T17:40:19","slug":"new-generation-led-fog-lights-retrofit-and-upgraded-for-suzuki-grand-vitara-swift-jimny-landy-keietsu-lamp-2005-2006-2007-2008-2009-2010-2011-2012-2013-2014-2015-2016-2017-2018-2019-2020-2021","status":"publish","type":"product","link":"https:\/\/siemid.com\/pt\/produto\/new-generation-led-fog-lights-retrofit-and-upgraded-for-suzuki-grand-vitara-swift-jimny-landy-keietsu-lamp-2005-2006-2007-2008-2009-2010-2011-2012-2013-2014-2015-2016-2017-2018-2019-2020-2021\/","title":{"rendered":"Nova gera\u00e7\u00e3o de far\u00f3is de neblina de LED retroajustados e atualizados para Suzuki Grand Vitara Swift Jimny Landy Keietsu Lamp 2005 2006 2007 2008 2009 2010 2011 2012 2013 2014 2015 2016 2017 2018 2019 2020 2021"},"content":{"rendered":"<h2 class=\"default\">Descri\u00e7\u00e3o do produto<\/h2>\n<div id=\"productDescription\" class=\"a-section a-spacing-small\">\n<p>Atualiza\u00e7\u00e3o de far\u00f3is de neblina de LED de nova gera\u00e7\u00e3o para carros Suzuki Esse item serve como pe\u00e7as de reposi\u00e7\u00e3o que v\u00eam pr\u00e9-instaladas com far\u00f3is de neblina. Esses s\u00e3o os novos far\u00f3is de neblina de LED de atualiza\u00e7\u00e3o que substituem os hal\u00f3genos originais! O \u00e2ngulo de ilumina\u00e7\u00e3o \u00e9 muito amplo (130 graus \u00e0 esquerda e \u00e0 direita), e a linha de corte \u00e9 clara e n\u00edtida. Esse kit seria \u00f3timo para voc\u00ea fazer um upgrade como uma atualiza\u00e7\u00e3o de LED, especialmente para escurecer o seu ve\u00edculo. Voc\u00ea recebe os dois far\u00f3is de neblina. Se quiser incrementar o visual do seu ve\u00edculo ou se quiser mais clareza ao dirigir, independentemente das condi\u00e7\u00f5es clim\u00e1ticas, esse kit pode ajud\u00e1-lo em ambas as situa\u00e7\u00f5es. Isso aumentar\u00e1 a visibilidade durante a noite, neblina densa, chuva forte e neve.<\/p>\n<p><strong><span class=\"a-text-bold\">Os recursos incluem:<\/span><\/strong><br \/>\n.Come Complete<br \/>\no L\u00e2mpadas de LED de alta pot\u00eancia.<br \/>\no \u00c2ngulo de cobertura extra amplo.<br \/>\no Reutilizar o hardware existente.<br \/>\n<strong><span class=\"a-text-bold\">SUBSTITUI OS N\u00daMEROS ORIGINAIS DOS FAR\u00d3IS DE NEBLINA HAL\u00d3GENOS<\/span><\/strong><br \/>\n3172060LAC 33950TBAA01<br \/>\n196043001 33900T5RA01 33901TY0305 HO2593136 HO2593143<br \/>\n<strong><span class=\"a-text-bold\">Serve:<\/span><\/strong><br \/>\n<strong>Suzuki<\/strong><br \/>\nVitara 2001-2021<br \/>\nGrand Vitara 2001-2021<br \/>\nSwift 2005-2014<br \/>\nLandy 2010-2015<br \/>\nJimny 1998-2005 2018-2021<br \/>\nAlto 2009-2014<br \/>\nLiana A6 2010-1012<br \/>\nKeietsu<br \/>\nS-CROSS<br \/>\nRESPINGO (EX) 2008<\/p>\n<\/div>","protected":false},"excerpt":{"rendered":"<ul class=\"a-unordered-list a-vertical a-spacing-mini\">\n<li class=\"a-spacing-mini\"><span class=\"a-list-item\">Usando a lente de LED mais avan\u00e7ada - lente de foco pontual. Diferentemente do vidro tradicional, a lente de foco pontual usa um processo de moldagem por inje\u00e7\u00e3o de pl\u00e1stico, de modo que a superf\u00edcie curva complexa calculada pelo computador possa ser formada. A lente point focus usa um design hiperboloide, que tem maior efici\u00eancia \u00f3ptica e um tipo de luz mais amplo, de modo que esse tipo de lente pode realizar a fun\u00e7\u00e3o de farol de neblina e a fun\u00e7\u00e3o de ilumina\u00e7\u00e3o auxiliar da curva ao mesmo tempo.<\/span><\/li>\n<li class=\"a-spacing-mini\"><span class=\"a-list-item\">Esse farol de neblina \u00e9 compat\u00edvel com os orif\u00edcios de montagem do farol de neblina dos carros Suzuki e com a interface da l\u00e2mpada (H11, H9, H8) no mercado, al\u00e9m de ter grande versatilidade e ser muito conveniente para atualiza\u00e7\u00f5es e modifica\u00e7\u00f5es.<\/span><\/li>\n<li class=\"a-spacing-mini\"><span class=\"a-list-item\">Siemid Autolights - Foco em pesquisa, desenvolvimento e fabrica\u00e7\u00e3o de l\u00e2mpadas automotivas. A ess\u00eancia do setor, liderando a tend\u00eancia do setor! Temos o compromisso de produzir produtos que sejam seguros e satisfat\u00f3rios para os consumidores. Bem-vindo \u00e0 sua escolha.<\/span><\/li>\n<li class=\"a-spacing-mini\"><span class=\"a-list-item\">Alta qualidade, garantia de 1 ano.<\/span><\/li>\n<li class=\"a-spacing-mini\"><span class=\"a-list-item\">Embalagem: dois pacotes<\/span><\/li>\n<\/ul>","protected":false},"featured_media":40472,"comment_status":"open","ping_status":"closed","template":"","meta":{"_acf_changed":false,"om_disable_all_campaigns":false,"inline_featured_image":false,"_mi_skip_tracking":false,"_monsterinsights_sitenote_active":false,"_monsterinsights_sitenote_note":"","_monsterinsights_sitenote_category":0},"product_brand":[],"product_cat":[554],"product_tag":[135147],"class_list":{"0":"post-41725","1":"product","2":"type-product","3":"status-publish","4":"has-post-thumbnail","6":"product_cat-fog-lights-automotive-lighting","7":"product_tag-warehouse-location-united-states","8":"product_shipping_class-us-stock-flat","9":"pa_compatibility-2001-suzuki-grand-vitara","10":"pa_compatibility-2001-suzuki-vitara","11":"pa_compatibility-2005-suzuki-swift","13":"first","14":"instock","15":"sale","16":"featured","17":"shipping-taxable","18":"purchasable","19":"product-type-simple"},"acf":[],"aioseo_notices":[],"_links":{"self":[{"href":"https:\/\/siemid.com\/pt\/wp-json\/wp\/v2\/product\/41725","targetHints":{"allow":["GET"]}}],"collection":[{"href":"https:\/\/siemid.com\/pt\/wp-json\/wp\/v2\/product"}],"about":[{"href":"https:\/\/siemid.com\/pt\/wp-json\/wp\/v2\/types\/product"}],"replies":[{"embeddable":true,"href":"https:\/\/siemid.com\/pt\/wp-json\/wp\/v2\/comments?post=41725"}],"wp:featuredmedia":[{"embeddable":true,"href":"https:\/\/siemid.com\/pt\/wp-json\/wp\/v2\/media\/40472"}],"wp:attachment":[{"href":"https:\/\/siemid.com\/pt\/wp-json\/wp\/v2\/media?parent=41725"}],"wp:term":[{"taxonomy":"product_brand","embeddable":true,"href":"https:\/\/siemid.com\/pt\/wp-json\/wp\/v2\/product_brand?post=41725"},{"taxonomy":"product_cat","embeddable":true,"href":"https:\/\/siemid.com\/pt\/wp-json\/wp\/v2\/product_cat?post=41725"},{"taxonomy":"product_tag","embeddable":true,"href":"https:\/\/siemid.com\/pt\/wp-json\/wp\/v2\/product_tag?post=41725"}],"curies":[{"name":"wp","href":"https:\/\/api.w.org\/{rel}","templated":true}]}}