{"id":41726,"date":"2024-01-08T13:16:22","date_gmt":"2024-01-08T13:16:22","guid":{"rendered":"https:\/\/siemid.com\/?post_type=product&#038;p=41726"},"modified":"2024-01-08T13:28:47","modified_gmt":"2024-01-08T13:28:47","slug":"siemid-new-generation-led-fog-lights-lamp-retrofit-and-upgraded-for-jeep-wrangler-grand-cherokee-renegade-dodge-journey-charger-magnum-2002-2003-2004-2005-2006-2007-2008-2009-2010-2011-2012-2013","status":"publish","type":"product","link":"https:\/\/siemid.com\/pt\/produto\/siemid-new-generation-led-fog-lights-lamp-retrofit-and-upgraded-for-jeep-wrangler-grand-cherokee-renegade-dodge-journey-charger-magnum-2002-2003-2004-2005-2006-2007-2008-2009-2010-2011-2012-2013\/","title":{"rendered":"SIEMID Nova Gera\u00e7\u00e3o de Far\u00f3is de Neblina de LED Retrofit e Atualiza\u00e7\u00e3o para Jeep Wrangler Grand Cherokee Renegade Dodge Journey Charger Magnum 2002 2003 2004 2005 2006 2007 2008 2009 2010 2011 2012 2013"},"content":{"rendered":"<h2 class=\"default\">Descri\u00e7\u00e3o do produto<\/h2>\n<div id=\"productDescription\" class=\"a-section a-spacing-small\">\n<p>Conjunto de far\u00f3is de neblina de LED de nova gera\u00e7\u00e3o. Esse item serve como pe\u00e7as de reposi\u00e7\u00e3o que v\u00eam pr\u00e9-instaladas com far\u00f3is de neblina. Esses s\u00e3o os novos far\u00f3is de neblina de LED de atualiza\u00e7\u00e3o que substituem os hal\u00f3genos originais! O \u00e2ngulo de ilumina\u00e7\u00e3o \u00e9 muito amplo (130 graus \u00e0 esquerda e \u00e0 direita), e a linha de corte \u00e9 clara e n\u00edtida. Aprova\u00e7\u00e3o ECE F3 SAE DOT. Voc\u00ea recebe os dois far\u00f3is de neblina. Se voc\u00ea quiser incrementar o visual do seu ve\u00edculo ou se quiser mais clareza enquanto dirige, independentemente das condi\u00e7\u00f5es clim\u00e1ticas, isso pode ajud\u00e1-lo em ambas as situa\u00e7\u00f5es.<br \/>\n<strong>Os recursos incluem:<\/strong><br \/>\n.Come Complete<br \/>\no L\u00e2mpadas de LED de alta pot\u00eancia.<br \/>\no \u00c2ngulo de cobertura extra amplo.<br \/>\no Reutilizar o hardware existente.<br \/>\n<strong>SUBSTITUI OS N\u00daMEROS ORIGINAIS DOS FAR\u00d3IS DE NEBLINA HAL\u00d3GENOS<\/strong><br \/>\n5182026AA<br \/>\nCS385U0000<br \/>\nCS385-U0000<br \/>\nCH2594103:9<br \/>\nCH2594103C<br \/>\n1115363Q<br \/>\n<strong><span class=\"a-text-bold\">Compat\u00edvel com os modelos de Jeep a seguir:<\/span><\/strong><br \/>\nPara Jeep JK 2 portas '07-'18 e Wrangler Unlimited JK 4 portas<br \/>\nPara Jeep Wrangler 2010-2021<br \/>\nPara Jeep Grand Cherokee 2011-2013<br \/>\nPara Jeep CHEROKEE 2014-2018<br \/>\nPara Dodge Journey 2010-2020<br \/>\nPara o Dodge Charger 2011-2014<br \/>\nSomente para os modelos Chrysler 300 2005-2010 Touring ou Limited<br \/>\nPara Chrysler PT Cruiser 2006-2010<br \/>\nPara 92-01 AM General Hummer<br \/>\nPara Land Rover Defender 90 e 110<br \/>\nPara o Sahara ou Rubicon Wrangler JL com para-choque de pl\u00e1stico do equipamento original.<br \/>\nPara para-choques de reposi\u00e7\u00e3o que usam o local de estilo de montagem \"4 parafusos\" do OEM.<\/p>\n<\/div>","protected":false},"excerpt":{"rendered":"<ul class=\"a-unordered-list a-vertical a-spacing-mini\">\n<li class=\"a-spacing-mini\"><span class=\"a-list-item\">Esse farol de neblina \u00e9 adequado para os orif\u00edcios de montagem dos far\u00f3is de neblina dos carros Jeep\u3001Wrangler\u3001Dodge e tem grande versatilidade e \u00e9 muito conveniente para atualiza\u00e7\u00f5es e modifica\u00e7\u00f5es<\/span><\/li>\n<li class=\"a-spacing-mini\"><span class=\"a-list-item\">Siemid Autolights - Foco na pesquisa, desenvolvimento e fabrica\u00e7\u00e3o de l\u00e2mpadas automotivas; A ess\u00eancia do setor, liderando a tend\u00eancia do setor! Temos o compromisso de produzir produtos que sejam seguros e satisfat\u00f3rios para os consumidores.<\/span><\/li>\n<li class=\"a-spacing-mini\"><span class=\"a-list-item\">Usando a maioria das lentes LED de ponta - lente de foco pontual; diferente do vidro tradicional, a lente de foco pontual usa um processo de moldagem por inje\u00e7\u00e3o de pl\u00e1stico, de modo que a superf\u00edcie curva complexa calculada pelo computador pode ser formada; a lente de foco pontual usa um design hiperboloide, que tem maior efici\u00eancia \u00f3ptica e um tipo de luz mais amplo, de modo que esse tipo de lente pode realizar a fun\u00e7\u00e3o de farol de neblina e a fun\u00e7\u00e3o de ilumina\u00e7\u00e3o auxiliar da curva ao mesmo tempo<\/span><\/li>\n<li class=\"a-spacing-mini\"><span class=\"a-list-item\">Embalagem: dois pacotes<\/span><\/li>\n<\/ul>","protected":false},"featured_media":41727,"comment_status":"open","ping_status":"closed","template":"","meta":{"_acf_changed":false,"om_disable_all_campaigns":false,"inline_featured_image":false,"_mi_skip_tracking":false,"_monsterinsights_sitenote_active":false,"_monsterinsights_sitenote_note":"","_monsterinsights_sitenote_category":0},"product_brand":[],"product_cat":[554],"product_tag":[135147],"class_list":{"0":"post-41726","1":"product","2":"type-product","3":"status-publish","4":"has-post-thumbnail","6":"product_cat-fog-lights-automotive-lighting","7":"product_tag-warehouse-location-united-states","8":"product_shipping_class-us-stock-flat","9":"pa_compatibility-2005-chrysler-300","10":"pa_compatibility-2006-chrysler-pt-cruiser","11":"pa_compatibility-2007-jeep-wrangler","12":"pa_compatibility-2010-dodge-journey","13":"pa_compatibility-2011-dodge-charger","14":"pa_compatibility-2011-jeep-grand-cherokee","15":"pa_compatibility-2014-jeep-cherokee","17":"first","18":"instock","19":"sale","20":"featured","21":"shipping-taxable","22":"purchasable","23":"product-type-simple"},"acf":[],"aioseo_notices":[],"_links":{"self":[{"href":"https:\/\/siemid.com\/pt\/wp-json\/wp\/v2\/product\/41726","targetHints":{"allow":["GET"]}}],"collection":[{"href":"https:\/\/siemid.com\/pt\/wp-json\/wp\/v2\/product"}],"about":[{"href":"https:\/\/siemid.com\/pt\/wp-json\/wp\/v2\/types\/product"}],"replies":[{"embeddable":true,"href":"https:\/\/siemid.com\/pt\/wp-json\/wp\/v2\/comments?post=41726"}],"wp:featuredmedia":[{"embeddable":true,"href":"https:\/\/siemid.com\/pt\/wp-json\/wp\/v2\/media\/41727"}],"wp:attachment":[{"href":"https:\/\/siemid.com\/pt\/wp-json\/wp\/v2\/media?parent=41726"}],"wp:term":[{"taxonomy":"product_brand","embeddable":true,"href":"https:\/\/siemid.com\/pt\/wp-json\/wp\/v2\/product_brand?post=41726"},{"taxonomy":"product_cat","embeddable":true,"href":"https:\/\/siemid.com\/pt\/wp-json\/wp\/v2\/product_cat?post=41726"},{"taxonomy":"product_tag","embeddable":true,"href":"https:\/\/siemid.com\/pt\/wp-json\/wp\/v2\/product_tag?post=41726"}],"curies":[{"name":"wp","href":"https:\/\/api.w.org\/{rel}","templated":true}]}}