{"id":41735,"date":"2024-01-08T13:42:00","date_gmt":"2024-01-08T13:42:00","guid":{"rendered":"https:\/\/siemid.com\/?post_type=product&#038;p=41735"},"modified":"2026-01-07T18:20:07","modified_gmt":"2026-01-07T18:20:07","slug":"siemid-h11-880-881-h9-fog-light-lamp-wiring-harness-socket-wire-connector-with-40a-relay-on-off-switch-kits-fit-for-led-work-lamp-driving-lights-etc","status":"publish","type":"product","link":"https:\/\/siemid.com\/pt\/produto\/siemid-h11-880-881-h9-fog-light-lamp-wiring-harness-socket-wire-connector-with-40a-relay-on-off-switch-kits-fit-for-led-work-lamp-driving-lights-etc\/","title":{"rendered":"SIEMID H11 880 881 H9 Farol de neblina Cabos de fia\u00e7\u00e3o Conector de fio de soquete com rel\u00e9 de 40A e kits de chave liga\/desliga adequados para far\u00f3is de trabalho de LED, luzes de dire\u00e7\u00e3o etc."},"content":{"rendered":"<h2 class=\"default\">Descri\u00e7\u00e3o do produto<\/h2>\n<div id=\"productDescription_expander\" class=\"a-expander-collapsed-height a-row a-expander-container a-spacing-base a-expander-partial-collapse-container celwidget\" data-a-expander-name=\"productDescription_expander_m\" data-a-expander-collapsed-height=\"200\" data-csa-c-id=\"p8s1q3-c1331m-hggnts-poq9nx\" data-cel-widget=\"productDescription_expander\">\n<div class=\"a-expander-content a-expander-partial-collapse-content a-expander-content-expanded\" aria-expanded=\"true\">\n<div id=\"productDescription\" class=\"a-section a-spacing-small\">\n<p><strong><span class=\"a-text-bold\">Especifica\u00e7\u00e3o<\/span><\/strong><br \/>\nTens\u00e3o de trabalho: 12V CC.<br \/>\nCorrente m\u00e1xima de trabalho: 15A.<br \/>\nPot\u00eancia m\u00e1xima: 130W.<br \/>\nOpera\u00e7\u00e3o do interruptor: Ligado-desligado.<br \/>\nRel\u00e9 automotivo de 12 V CC, porta-fus\u00edvel de l\u00e2mina com fus\u00edvel substitu\u00edvel.<br \/>\nObserva\u00e7\u00e3o: conclua a instala\u00e7\u00e3o por profissionais ou instale o chicote de fia\u00e7\u00e3o sob a orienta\u00e7\u00e3o de profissionais.<br \/>\n<span class=\"a-text-bold\">Kit de chicote de fia\u00e7\u00e3o para far\u00f3is de neblina<\/span><br \/>\n<strong><span class=\"a-text-bold\">Recurso:<\/span><\/strong><br \/>\n- Funciona com aplica\u00e7\u00f5es de ilumina\u00e7\u00e3o H11 H8 H9 880 881 com um processo de instala\u00e7\u00e3o f\u00e1cil<br \/>\n- Adequado para qualquer sistema entre 9V-16V com pot\u00eancia n\u00e3o superior a 130W<br \/>\n- Vem com caixa de m\u00f3dulo de rel\u00e9, chicote de fia\u00e7\u00e3o com adaptadores, caixa de fus\u00edveis de seguran\u00e7a e chave liga\/desliga com indicador LED<br \/>\n- Chicote de fios do farol de neblina H11 \/ H8 \/ H9 880\/ 881<br \/>\n- Rel\u00e9 de 12 V CC \/ 40A<br \/>\n- Suporta at\u00e9 2 far\u00f3is de neblina<br \/>\n- Instala\u00e7\u00e3o profissional altamente recomendada<br \/>\n- Caracter\u00edsticas est\u00e1veis, alta confiabilidade<\/p>\n<\/div>\n<\/div>\n<\/div>","protected":false},"excerpt":{"rendered":"<ul class=\"a-unordered-list a-vertical a-spacing-mini\">\n<li class=\"a-spacing-mini\"><span class=\"a-list-item\">Ideal para far\u00f3is de neblina de reposi\u00e7\u00e3o, far\u00f3is de neblina adicionais, far\u00f3is HID, far\u00f3is de rodagem diurna de LED, far\u00f3is de dire\u00e7\u00e3o, far\u00f3is de trabalho de LED, kit de ilumina\u00e7\u00e3o off-road<\/span><\/li>\n<li class=\"a-spacing-mini\"><span class=\"a-list-item\">Esse kit de chicote de fia\u00e7\u00e3o H11 inclui: Caixa do m\u00f3dulo de rel\u00e9 de 12V 40A, chicote de fia\u00e7\u00e3o com adaptadores, caixa de fus\u00edveis de seguran\u00e7a de 30A e chave liga\/desliga com indicador LED de 5 pinos<\/span><\/li>\n<li class=\"a-spacing-mini\"><span class=\"a-list-item\">Chicote de fia\u00e7\u00e3o de 8,5 p\u00e9s: mais de 8,5 p\u00e9s de fia\u00e7\u00e3o do interruptor para as luzes, tamb\u00e9m \u00e9 extens\u00edvel, passe o chicote at\u00e9 o local de ilumina\u00e7\u00e3o desejado.<\/span><\/li>\n<li class=\"a-spacing-mini\"><span class=\"a-list-item\">Prote\u00e7\u00e3o eficiente: O rel\u00e9 de pot\u00eancia e o fus\u00edvel de l\u00e2mina em linha atuam como a primeira linha de defesa contra sobrecorrente e curto-circuito<\/span><\/li>\n<li class=\"a-spacing-mini\"><span class=\"a-list-item\">O pacote inclui: 1 x kit de chicote de fios do farol de neblina (o farol de neblina N\u00c3O est\u00e1 inclu\u00eddo)<\/span><\/li>\n<\/ul>","protected":false},"featured_media":41743,"comment_status":"open","ping_status":"closed","template":"","meta":{"_acf_changed":false,"om_disable_all_campaigns":false,"inline_featured_image":false,"_mi_skip_tracking":false,"_monsterinsights_sitenote_active":false,"_monsterinsights_sitenote_note":"","_monsterinsights_sitenote_category":0},"product_brand":[],"product_cat":[554],"product_tag":[135147],"class_list":{"0":"post-41735","1":"product","2":"type-product","3":"status-publish","4":"has-post-thumbnail","6":"product_cat-fog-lights-automotive-lighting","7":"product_tag-warehouse-location-united-states","8":"product_shipping_class-us-stock-flat","10":"first","11":"instock","12":"sale","13":"featured","14":"shipping-taxable","15":"purchasable","16":"product-type-simple"},"acf":[],"aioseo_notices":[],"_links":{"self":[{"href":"https:\/\/siemid.com\/pt\/wp-json\/wp\/v2\/product\/41735","targetHints":{"allow":["GET"]}}],"collection":[{"href":"https:\/\/siemid.com\/pt\/wp-json\/wp\/v2\/product"}],"about":[{"href":"https:\/\/siemid.com\/pt\/wp-json\/wp\/v2\/types\/product"}],"replies":[{"embeddable":true,"href":"https:\/\/siemid.com\/pt\/wp-json\/wp\/v2\/comments?post=41735"}],"wp:featuredmedia":[{"embeddable":true,"href":"https:\/\/siemid.com\/pt\/wp-json\/wp\/v2\/media\/41743"}],"wp:attachment":[{"href":"https:\/\/siemid.com\/pt\/wp-json\/wp\/v2\/media?parent=41735"}],"wp:term":[{"taxonomy":"product_brand","embeddable":true,"href":"https:\/\/siemid.com\/pt\/wp-json\/wp\/v2\/product_brand?post=41735"},{"taxonomy":"product_cat","embeddable":true,"href":"https:\/\/siemid.com\/pt\/wp-json\/wp\/v2\/product_cat?post=41735"},{"taxonomy":"product_tag","embeddable":true,"href":"https:\/\/siemid.com\/pt\/wp-json\/wp\/v2\/product_tag?post=41735"}],"curies":[{"name":"wp","href":"https:\/\/api.w.org\/{rel}","templated":true}]}}