{"id":41774,"date":"2024-01-10T13:26:20","date_gmt":"2024-01-10T13:26:20","guid":{"rendered":"https:\/\/siemid.com\/?post_type=product&#038;p=41774"},"modified":"2025-10-09T17:41:43","modified_gmt":"2025-10-09T17:41:43","slug":"siemid-projector-led-headlight-assembly-replacement-for-volkswagen-jetta-right-passenger-side-fits-2019-2020-2021-2022-2023-jetta-models-17a941035e-17a941036e-vw2503174","status":"publish","type":"product","link":"https:\/\/siemid.com\/pt\/produto\/siemid-projector-led-headlight-assembly-replacement-for-volkswagen-jetta-right-passenger-side-fits-2019-2020-2021-2022-2023-jetta-models-17a941035e-17a941036e-vw2503174\/","title":{"rendered":"SIEMID Projector LED Headlight Assembly Replacement for Volkswagen Jetta - Right\/Passenger Side - Fits 2019 2020 2021 2022 2023 Jetta Models - 17A941035E 17A941036E VW2503174"},"content":{"rendered":"<h2 class=\"default\">Descri\u00e7\u00e3o do produto<\/h2>\n<div id=\"productDescription\" class=\"a-section a-spacing-small\">\n<p>&nbsp;<\/p>\n<p><span class=\"a-text-bold\">Atualize a ilumina\u00e7\u00e3o do seu Jetta com o conjunto de farol DRL de LED - compat\u00edvel com os modelos Volkswagen Jetta 2019-2023<\/span><\/p>\n<p><span class=\"a-text-italic\">Destaques:<\/span><\/p>\n<ul class=\"a-unordered-list a-vertical\">\n<li><span class=\"a-list-item\">Novo em folha, com alta qualidade<\/span><\/li>\n<li><span class=\"a-list-item\">Instala\u00e7\u00e3o sem problemas<\/span><\/li>\n<li><span class=\"a-list-item\">Longa vida \u00fatil<\/span><\/li>\n<li><span class=\"a-list-item\">Superf\u00edcie lisa<\/span><\/li>\n<li><span class=\"a-list-item\">Acabamento fino<\/span><\/li>\n<li><span class=\"a-list-item\">Resistente e dur\u00e1vel<\/span><\/li>\n<li><span class=\"a-list-item\">Apar\u00eancia legal<\/span><\/li>\n<li><span class=\"a-list-item\">Luz LED<\/span><\/li>\n<li><span class=\"a-list-item\">Melhoria da seguran\u00e7a<\/span><\/li>\n<li><span class=\"a-list-item\">F\u00e1cil de limpar<\/span><\/li>\n<li><span class=\"a-list-item\">Desempenho est\u00e1vel<\/span><\/li>\n<li><span class=\"a-list-item\">Serve (como refer\u00eancia): Para VW Jetta 2019-2023<\/span><\/li>\n<\/ul>\n<p><span class=\"a-text-italic\">Especifica\u00e7\u00f5es:<\/span><\/p>\n<p>N\u00famero de pe\u00e7a OE\/OEM: 17A941036E, 17A941036A<\/p>\n<p>N\u00famero de pe\u00e7a de troca: VW2503175<\/p>\n<p>Modelos aplic\u00e1veis: Para Volkswagen Jetta 2019-2023<\/p>\n<p>Posi\u00e7\u00e3o de instala\u00e7\u00e3o: Frente, lado direito<\/p>\n<p>Forma de instala\u00e7\u00e3o: Instala\u00e7\u00e3o direta<\/p>\n<p><span class=\"a-text-bold\">Observa\u00e7\u00f5es:<\/span><\/p>\n<p><span class=\"a-text-bold\">Recomendamos enfaticamente a instala\u00e7\u00e3o profissional. Entre em contato conosco se tiver alguma d\u00favida.<\/span><\/p>\n<p><span class=\"a-text-bold\">Permita uma leve diferen\u00e7a de cor causada pela luz de filmagem e um erro de 1 a 3 cm devido \u00e0 medi\u00e7\u00e3o manual e certifique-se de que n\u00e3o se importa antes de fazer o pedido.<\/span><\/p>\n<\/div>","protected":false},"excerpt":{"rendered":"<h1 class=\"a-size-base-plus a-text-bold\">Sobre este item<\/h1>\n<ul class=\"a-unordered-list a-vertical a-spacing-mini\">\n<li class=\"a-spacing-mini\"><span class=\"a-list-item\">Compatibilidade: Nosso conjunto de far\u00f3is \u00e9 compat\u00edvel com o Volkswagen Jetta 2019-2023 e tamb\u00e9m \u00e9 compat\u00edvel com os n\u00fameros de pe\u00e7a OEM 17A941035E, 17A941035A, 17A941036E, 17A941036A, VW2502174 e VW2503174 para far\u00f3is. Ele apresenta farol alto\/baixo de LED, luz de sinaliza\u00e7\u00e3o PWY24W, luz de marca\u00e7\u00e3o lateral de LED e DRL de LED.<\/span><\/li>\n<li class=\"a-spacing-mini\"><span class=\"a-list-item\">Visibilidade aprimorada: lente de PC anti-ultravioleta, vida \u00fatil mais longa, evita o amarelamento e a descolora\u00e7\u00e3o da lente. M\u00f3dulo de proje\u00e7\u00e3o de vidro HD, a maior transmit\u00e2ncia garante uma luz mais brilhante. Tratamento especial de superf\u00edcie, alto coeficiente de dissipa\u00e7\u00e3o de calor, garante um trabalho est\u00e1vel com maior pot\u00eancia.<\/span><\/li>\n<li class=\"a-spacing-mini\"><span class=\"a-list-item\">Materiais de primeira qualidade: Nosso farol \u00e9 constru\u00eddo com um inv\u00f3lucro totalmente vedado para servi\u00e7os pesados feito de pl\u00e1stico de policarbonato de alta qualidade de grau OEM, que \u00e9 \u00e0 prova d'\u00e1gua at\u00e9 IP65. Isso garante excelente resist\u00eancia a intemp\u00e9ries e impactos, tornando-o bem constru\u00eddo para fornecer ilumina\u00e7\u00e3o brilhante. As novas lentes e refletores proporcionam melhor ilumina\u00e7\u00e3o e garantem uma experi\u00eancia de dire\u00e7\u00e3o agrad\u00e1vel e confort\u00e1vel.<\/span><\/li>\n<li class=\"a-spacing-mini\"><span class=\"a-list-item\">Seguran\u00e7a e durabilidade: Essa luz adota a luz do projetor, uma vers\u00e3o atualizada da luz do refletor. Em compara\u00e7\u00e3o com a luz refletiva, as luzes do projetor t\u00eam maior probabilidade de produzir linhas de corte claras entre a luz e a sombra, evitando assim a ocorr\u00eancia de ofuscamento para os ve\u00edculos que se aproximam e garantindo condi\u00e7\u00f5es de dire\u00e7\u00e3o mais seguras.<\/span><\/li>\n<li class=\"a-spacing-mini\"><span class=\"a-list-item\">N\u00e3o se preocupe com as compras: Observe que a instala\u00e7\u00e3o profissional \u00e9 altamente recomendada. Ele foi projetado para ser compat\u00edvel apenas com o modelo de farol de projetor de LED de f\u00e1brica e n\u00e3o ser\u00e1 compat\u00edvel com os modelos de farol sem projetor de f\u00e1brica. Se tiver algum problema durante a instala\u00e7\u00e3o ou o uso, entre em contato conosco.<\/span><\/li>\n<\/ul>","protected":false},"featured_media":41775,"comment_status":"open","ping_status":"closed","template":"","meta":{"_acf_changed":false,"om_disable_all_campaigns":false,"inline_featured_image":false,"_mi_skip_tracking":false,"_monsterinsights_sitenote_active":false,"_monsterinsights_sitenote_note":"","_monsterinsights_sitenote_category":0},"product_brand":[],"product_cat":[267],"product_tag":[135147],"class_list":{"0":"post-41774","1":"product","2":"type-product","3":"status-publish","4":"has-post-thumbnail","6":"product_cat-headlights","7":"product_tag-warehouse-location-united-states","8":"product_shipping_class-us-stock-flat","9":"pa_compatibility-2019-volkswagen-jetta","11":"first","12":"instock","13":"sale","14":"featured","15":"shipping-taxable","16":"purchasable","17":"product-type-simple"},"acf":[],"aioseo_notices":[],"_links":{"self":[{"href":"https:\/\/siemid.com\/pt\/wp-json\/wp\/v2\/product\/41774","targetHints":{"allow":["GET"]}}],"collection":[{"href":"https:\/\/siemid.com\/pt\/wp-json\/wp\/v2\/product"}],"about":[{"href":"https:\/\/siemid.com\/pt\/wp-json\/wp\/v2\/types\/product"}],"replies":[{"embeddable":true,"href":"https:\/\/siemid.com\/pt\/wp-json\/wp\/v2\/comments?post=41774"}],"wp:featuredmedia":[{"embeddable":true,"href":"https:\/\/siemid.com\/pt\/wp-json\/wp\/v2\/media\/41775"}],"wp:attachment":[{"href":"https:\/\/siemid.com\/pt\/wp-json\/wp\/v2\/media?parent=41774"}],"wp:term":[{"taxonomy":"product_brand","embeddable":true,"href":"https:\/\/siemid.com\/pt\/wp-json\/wp\/v2\/product_brand?post=41774"},{"taxonomy":"product_cat","embeddable":true,"href":"https:\/\/siemid.com\/pt\/wp-json\/wp\/v2\/product_cat?post=41774"},{"taxonomy":"product_tag","embeddable":true,"href":"https:\/\/siemid.com\/pt\/wp-json\/wp\/v2\/product_tag?post=41774"}],"curies":[{"name":"wp","href":"https:\/\/api.w.org\/{rel}","templated":true}]}}