{"id":41783,"date":"2024-01-10T13:54:03","date_gmt":"2024-01-10T13:54:03","guid":{"rendered":"https:\/\/siemid.com\/?post_type=product&#038;p=41783"},"modified":"2025-10-09T17:34:37","modified_gmt":"2025-10-09T17:34:37","slug":"1pcs-vosla-oem-halogen-9012-hir2-bulb-for-toyota-corolla-im-rav4-c-hr-chevy-cruze-ford-falcon-fgx-series-xr6-xr6-turbo-xr8-g6-g6e-ecoboost-2010-2011-2012-2013-2014-2015-2016-2017-2018-2019","status":"publish","type":"product","link":"https:\/\/siemid.com\/pt\/produto\/1pcs-vosla-oem-halogen-9012-hir2-bulb-for-toyota-corolla-im-rav4-c-hr-chevy-cruze-ford-falcon-fgx-series-xr6-xr6-turbo-xr8-g6-g6e-ecoboost-2010-2011-2012-2013-2014-2015-2016-2017-2018-2019\/","title":{"rendered":"1PCS VOSLA OEM Halog\u00eanio 9012 HIR2 bulb Para Toyota Corolla iM RAV4 C-HR Chevy Cruze Ford Falcon FGX Series XR6 XR6 Turbo XR8 G6 G6E EcoBoost 2010 2011 2012 2013 2014 2015 2016 2017 2018 2019"},"content":{"rendered":"<h2 class=\"default\">Descri\u00e7\u00e3o do produto<\/h2>\n<div id=\"productDescription\" class=\"a-section a-spacing-small\">\n<p>Novo e de alta qualidade<br \/>\nMelhor visibilidade ao dirigir \u00e0 noite<br \/>\nAlto brilho<br \/>\nLonga dura\u00e7\u00e3o<br \/>\nF\u00e1cil de instalar<br \/>\nNenhuma modifica\u00e7\u00e3o necess\u00e1ria<br \/>\nBasta remover as l\u00e2mpadas de estoque e substitu\u00ed-las por novas l\u00e2mpadas<br \/>\nTens\u00e3o de trabalho: 12V<br \/>\nPot\u00eancia de sa\u00edda: 55W<br \/>\nInstala\u00e7\u00e3o:<br \/>\n1. Remova a l\u00e2mpada antiga<br \/>\n2. Instale a nova l\u00e2mpada de reposi\u00e7\u00e3o<br \/>\n3. Verifique se a nova luz est\u00e1 funcionando<br \/>\nPara se adequar:<br \/>\nToyota Corolla iM 2017-2018<br \/>\nToyota RAV4 2019 2018 2017<br \/>\nToyota C-HR 2018-2019<br \/>\nJeep CHEROKEE 2012-2016<br \/>\nJeep COMPASS2014-2016<br \/>\nChrysler 200 300 2011-2015<br \/>\nGMC Sierra 1500 2014 2015<br \/>\nGMC ACADIA 2013-2018<br \/>\nGMC SIERRA 2500 2015<br \/>\nGMC SIERRA 3500 2015<br \/>\nRAM 1500 2013-2015<br \/>\nRAM 2500 2013-2015<br \/>\nRAM 3500 2013-2015<br \/>\nRAM 4500 2013-2015<br \/>\nRAM 5500 2013-2015<br \/>\nGMC Acadia 2013-2019<br \/>\nBUICK LACROSSE 2014-2018<br \/>\nBUICK REGAL 2014-2017<br \/>\nBUICK ENVISION 2016-2018<br \/>\nCADILLAC ATS 2013-2018<br \/>\nCADILLAC XT5 2017-2018<br \/>\nLINCOLN MKX 2011-2015<br \/>\nDodge Durango 2014-2015<br \/>\nDodge Dart 2013 2014 2015<br \/>\nDODGE CHALLENGER 2015-2018<br \/>\nDODGE CHARGER 2015<br \/>\nFIAT 500 2012-2018<br \/>\nFIAT 500L 2014-2018<br \/>\nFIAT 500X 2016-2018<br \/>\nALFA ROMEO 4C 2015-2018<br \/>\nMITSUBISHI ECLIPSE CROSS2018<br \/>\nSCION IM 2016<br \/>\nSCION TC 2014-2016<br \/>\nNissan Maxima 2004-2007<br \/>\nChevy Cruze 2017-2018<br \/>\nCHEVROLET EQUINOX 2018<br \/>\nCHEVROLET IMPALA 2014-2015<br \/>\nCHEVROLET VOLT 2011-2015<br \/>\nFord Falcon S\u00e9rie FGX<br \/>\nFord Edge 2011-2014<br \/>\nFORD POLICE INTERCEPTOR SEDAN 2013-2018<br \/>\nFORD SPECIAL SERVICE POLICE SEDAN 2014-2018<br \/>\nFORD TAURUS 2013-2018<br \/>\nHYUNDAI IX35 2015<br \/>\nHYUNDAI TUCSON 2014-2015<br \/>\nJAGUARF-PACE 2017-2018<br \/>\nXR6 XR6 Turbo XR8 G6 G6E EcoBoost<br \/>\nO pacote inclui:<br \/>\n1 X l\u00e2mpada<br \/>\nPedimos desculpas, pois n\u00e3o podemos fazer entregas para o Parcel Locker. Obrigado.<\/p>\n<\/div>","protected":false},"excerpt":{"rendered":"<h1 class=\"a-size-base-plus a-text-bold\">Sobre este item<\/h1>\n<ul class=\"a-unordered-list a-vertical a-spacing-mini\">\n<li class=\"a-spacing-mini\"><span class=\"a-list-item\">A Vosla GmbH \u00e9 uma f\u00e1brica de produ\u00e7\u00e3o de l\u00e2mpadas automotivas de alta qualidade. Ela atua como fornecedora de alto volume para o OEM e o mercado de reposi\u00e7\u00e3o.<\/span><\/li>\n<li class=\"a-spacing-mini\"><span class=\"a-list-item\">Fabricado na Alemanha\/12V 55 Watts Base PX22d\/3000 Lumens\/Vida \u00fatil 1400 horas\/Cor da luz 3450 Deg. K<\/span><\/li>\n<li class=\"a-spacing-mini\"><span class=\"a-list-item\">F\u00e1cil de instalar\/Sem necessidade de modifica\u00e7\u00e3o\/Simplesmente remova as l\u00e2mpadas de estoque e substitua por novas l\u00e2mpadas<\/span><\/li>\n<li class=\"a-spacing-mini\"><span class=\"a-list-item\">Garantia: 1 ano<\/span><\/li>\n<\/ul>","protected":false},"featured_media":41784,"comment_status":"open","ping_status":"closed","template":"","meta":{"_acf_changed":false,"om_disable_all_campaigns":false,"inline_featured_image":false,"_mi_skip_tracking":false,"_monsterinsights_sitenote_active":false,"_monsterinsights_sitenote_note":"","_monsterinsights_sitenote_category":0},"product_brand":[],"product_cat":[557,267],"product_tag":[135147],"class_list":{"0":"post-41783","1":"product","2":"type-product","3":"status-publish","4":"has-post-thumbnail","6":"product_cat-car-bulbs","7":"product_cat-headlights","8":"product_tag-warehouse-location-united-states","9":"product_shipping_class-us-stock-flat","11":"first","12":"instock","13":"sale","14":"featured","15":"shipping-taxable","16":"purchasable","17":"product-type-simple"},"acf":[],"aioseo_notices":[],"_links":{"self":[{"href":"https:\/\/siemid.com\/pt\/wp-json\/wp\/v2\/product\/41783","targetHints":{"allow":["GET"]}}],"collection":[{"href":"https:\/\/siemid.com\/pt\/wp-json\/wp\/v2\/product"}],"about":[{"href":"https:\/\/siemid.com\/pt\/wp-json\/wp\/v2\/types\/product"}],"replies":[{"embeddable":true,"href":"https:\/\/siemid.com\/pt\/wp-json\/wp\/v2\/comments?post=41783"}],"wp:featuredmedia":[{"embeddable":true,"href":"https:\/\/siemid.com\/pt\/wp-json\/wp\/v2\/media\/41784"}],"wp:attachment":[{"href":"https:\/\/siemid.com\/pt\/wp-json\/wp\/v2\/media?parent=41783"}],"wp:term":[{"taxonomy":"product_brand","embeddable":true,"href":"https:\/\/siemid.com\/pt\/wp-json\/wp\/v2\/product_brand?post=41783"},{"taxonomy":"product_cat","embeddable":true,"href":"https:\/\/siemid.com\/pt\/wp-json\/wp\/v2\/product_cat?post=41783"},{"taxonomy":"product_tag","embeddable":true,"href":"https:\/\/siemid.com\/pt\/wp-json\/wp\/v2\/product_tag?post=41783"}],"curies":[{"name":"wp","href":"https:\/\/api.w.org\/{rel}","templated":true}]}}