{"id":41797,"date":"2024-01-11T13:49:31","date_gmt":"2024-01-11T13:49:31","guid":{"rendered":"https:\/\/siemid.com\/?post_type=product&#038;p=41797"},"modified":"2026-04-17T08:05:27","modified_gmt":"2026-04-17T08:05:27","slug":"1pcs-siemid-universal-car-headlamp-2-5-h11-bi-xenon-hid-fog-retrofit-projector-lens-for-hi-lo-beam","status":"publish","type":"product","link":"https:\/\/siemid.com\/pt\/produto\/1pcs-siemid-universal-car-headlamp-2-5-h11-bi-xenon-hid-fog-retrofit-projector-lens-for-hi-lo-beam\/","title":{"rendered":"1Pcs SIEMID Universal Car Headlamp: 2.5\u2033 H11 Bi-xenon HID Fog Retrofit Projector Lens for Hi\/Lo Beam."},"content":{"rendered":"<div class=\"J_module\"><\/div>\n<div class=\"J_module\">\n<div class=\"detail-decorate-json-renderer-container\">\n<div class=\"magic-1\">\n<div class=\"magic-2\">\n<div class=\"magic-3\">\n<div class=\"magic-4\">\n<div data-spm-anchor-id=\"a2700.details.0.i102.78bc52d5qsk0tE\">\n<h1 class=\"a-size-base-plus a-text-bold\">Sobre este item<\/h1>\n<ul class=\"a-unordered-list a-vertical a-spacing-mini\">\n<li class=\"a-spacing-mini\"><span class=\"a-list-item\">\u00a0Atualiza\u00e7\u00e3o perfeita: aproveite a visibilidade aprimorada com 1 lente de proje\u00e7\u00e3o bi-xenon de neblina de 2,5 polegadas de alta qualidade inclu\u00edda neste pacote.<\/span><\/li>\n<li class=\"a-spacing-mini\"><span class=\"a-list-item\">\u00a0Ajuste universal: Nosso suporte de montagem universal permite f\u00e1cil instala\u00e7\u00e3o e adapta\u00e7\u00e3o a diferentes carros.<\/span><\/li>\n<li class=\"a-spacing-mini\"><span class=\"a-list-item\">\u00a0Clareza m\u00e1xima: Essas lentes usam vidro de alta transpar\u00eancia para garantir que a luz seja projetada com o m\u00e1ximo de clareza, tornando a linha de luz de corte clara e brilhante.<\/span><\/li>\n<li class=\"a-spacing-mini\"><span class=\"a-list-item\">\u00a0Funcionalidade dupla: Com os projetores bi-xen\u00f4nio, voc\u00ea tem op\u00e7\u00f5es de farol alto e baixo para uma visibilidade ideal.<\/span><\/li>\n<li class=\"a-spacing-mini\"><span class=\"a-list-item\">\u00a0Seguran\u00e7a garantida: As lentes apresentam uma linha de corte clara que impede que elas ofusquem os motoristas que v\u00eam na dire\u00e7\u00e3o oposta, o que as torna uma op\u00e7\u00e3o segura e confi\u00e1vel.<\/span><\/li>\n<\/ul>\n<p><b>Montagem:<\/b><br \/>\n* Flush<\/p>\n<p>L\u00e2mpada \u00fanica Inclui:<br \/>\n* (1) L\u00e2mpada<\/p>\n<p>* Hardware de montagem universal<\/p>\n<\/div>\n<\/div>\n<\/div>\n<\/div>\n<\/div>\n<\/div>\n<\/div>","protected":false},"excerpt":{"rendered":"<h1 class=\"a-size-base-plus a-text-bold\">Sobre este item<\/h1>\n<ul class=\"a-unordered-list a-vertical a-spacing-mini\">\n<li class=\"a-spacing-mini\"><span class=\"a-list-item\">\u00a0Atualiza\u00e7\u00e3o perfeita: aproveite a visibilidade aprimorada com 1 lente de proje\u00e7\u00e3o bi-xenon de neblina de 2,5 polegadas de alta qualidade inclu\u00edda neste pacote.<\/span><\/li>\n<li class=\"a-spacing-mini\"><span class=\"a-list-item\">\u00a0Ajuste universal: Nosso suporte de montagem universal permite f\u00e1cil instala\u00e7\u00e3o e adapta\u00e7\u00e3o a diferentes carros.<\/span><\/li>\n<li class=\"a-spacing-mini\"><span class=\"a-list-item\">Clareza m\u00e1xima: Essas lentes usam vidro de alta transpar\u00eancia para garantir que a luz seja projetada com o m\u00e1ximo de clareza, tornando a linha de luz de corte clara e brilhante.<\/span><\/li>\n<li class=\"a-spacing-mini\"><span class=\"a-list-item\">Funcionalidade dupla: Com os projetores bi-xen\u00f4nio, voc\u00ea tem op\u00e7\u00f5es de farol alto e baixo para uma visibilidade ideal.<\/span><\/li>\n<li class=\"a-spacing-mini\"><span class=\"a-list-item\">Seguran\u00e7a garantida: As lentes apresentam uma linha de corte clara que impede que elas ofusquem os motoristas que v\u00eam na dire\u00e7\u00e3o oposta, o que as torna uma op\u00e7\u00e3o segura e confi\u00e1vel.<\/span><\/li>\n<\/ul>","protected":false},"featured_media":41838,"comment_status":"open","ping_status":"closed","template":"","meta":{"_acf_changed":false,"om_disable_all_campaigns":false,"inline_featured_image":false,"_mi_skip_tracking":false,"_monsterinsights_sitenote_active":false,"_monsterinsights_sitenote_note":"","_monsterinsights_sitenote_category":0},"product_brand":[],"product_cat":[267,554,555],"product_tag":[135147],"class_list":{"0":"post-41797","1":"product","2":"type-product","3":"status-publish","4":"has-post-thumbnail","6":"product_cat-headlights","7":"product_cat-fog-lights-automotive-lighting","8":"product_cat-off-road-lights","9":"product_tag-warehouse-location-united-states","10":"product_shipping_class-us-stock-flat","12":"first","13":"instock","14":"sale","15":"featured","16":"shipping-taxable","17":"purchasable","18":"product-type-simple"},"acf":[],"aioseo_notices":[],"_links":{"self":[{"href":"https:\/\/siemid.com\/pt\/wp-json\/wp\/v2\/product\/41797","targetHints":{"allow":["GET"]}}],"collection":[{"href":"https:\/\/siemid.com\/pt\/wp-json\/wp\/v2\/product"}],"about":[{"href":"https:\/\/siemid.com\/pt\/wp-json\/wp\/v2\/types\/product"}],"replies":[{"embeddable":true,"href":"https:\/\/siemid.com\/pt\/wp-json\/wp\/v2\/comments?post=41797"}],"wp:featuredmedia":[{"embeddable":true,"href":"https:\/\/siemid.com\/pt\/wp-json\/wp\/v2\/media\/41838"}],"wp:attachment":[{"href":"https:\/\/siemid.com\/pt\/wp-json\/wp\/v2\/media?parent=41797"}],"wp:term":[{"taxonomy":"product_brand","embeddable":true,"href":"https:\/\/siemid.com\/pt\/wp-json\/wp\/v2\/product_brand?post=41797"},{"taxonomy":"product_cat","embeddable":true,"href":"https:\/\/siemid.com\/pt\/wp-json\/wp\/v2\/product_cat?post=41797"},{"taxonomy":"product_tag","embeddable":true,"href":"https:\/\/siemid.com\/pt\/wp-json\/wp\/v2\/product_tag?post=41797"}],"curies":[{"name":"wp","href":"https:\/\/api.w.org\/{rel}","templated":true}]}}