{"id":41808,"date":"2024-01-11T14:21:47","date_gmt":"2024-01-11T14:21:47","guid":{"rendered":"https:\/\/siemid.com\/?post_type=product&#038;p=41808"},"modified":"2025-10-09T17:39:19","modified_gmt":"2025-10-09T17:39:19","slug":"new-generation-led-fog-lights-lamp-retrofit-and-upgraded-for-citroen-c3-c4-c5-c6-c-crosser-xsara-picasso-2004-2005-2006-2007-2008-2009-2010-2011-2012-2013-2014-2015","status":"publish","type":"product","link":"https:\/\/siemid.com\/pt\/produto\/new-generation-led-fog-lights-lamp-retrofit-and-upgraded-for-citroen-c3-c4-c5-c6-c-crosser-xsara-picasso-2004-2005-2006-2007-2008-2009-2010-2011-2012-2013-2014-2015\/","title":{"rendered":"Nova gera\u00e7\u00e3o de far\u00f3is de neblina de LED para retrofit e atualiza\u00e7\u00e3o para Citro\u00ebn C3 C4 C5 C6 C-Crosser Xsara Picasso 2004 2005 2006 2007 2008 2009 2010 2011 2012 2013 2014 2015"},"content":{"rendered":"<h2 class=\"default\">Descri\u00e7\u00e3o do produto<\/h2>\n<div id=\"productDescription\" class=\"a-section a-spacing-small\">\n<p>Kit de atualiza\u00e7\u00e3o de far\u00f3is de neblina de LED de nova gera\u00e7\u00e3o Esse item serve como pe\u00e7as de reposi\u00e7\u00e3o que v\u00eam pr\u00e9-instaladas com far\u00f3is de neblina. Esses s\u00e3o os novos far\u00f3is de neblina de LED de atualiza\u00e7\u00e3o que substituem os hal\u00f3genos originais! O \u00e2ngulo de ilumina\u00e7\u00e3o \u00e9 muito amplo (130 graus \u00e0 esquerda e \u00e0 direita), e a linha de corte \u00e9 clara e n\u00edtida. Seu ve\u00edculo DEVE ter os far\u00f3is de neblina hal\u00f3genos de f\u00e1brica j\u00e1 equipados. Esse kit seria \u00f3timo para voc\u00ea fazer um upgrade como uma atualiza\u00e7\u00e3o de LED, especialmente para escurecer o seu ve\u00edculo. Voc\u00ea recebe os dois far\u00f3is de neblina. Se quiser incrementar o visual do seu ve\u00edculo ou se quiser mais clareza ao dirigir, independentemente das condi\u00e7\u00f5es clim\u00e1ticas, esse kit pode ajud\u00e1-lo em ambas as situa\u00e7\u00f5es. Isso aumentar\u00e1 a visibilidade durante a noite, neblina densa, chuva forte e neve.<br \/>\n<strong>Os recursos incluem:<\/strong><br \/>\n.Come Complete<br \/>\no L\u00e2mpadas de LED de alta pot\u00eancia.<br \/>\no \u00c2ngulo de cobertura extra amplo.<br \/>\no Reutilizar o hardware existente.<br \/>\no Instru\u00e7\u00f5es completas inclu\u00eddas.<br \/>\n<strong>SUBSTITUI OS N\u00daMEROS ORIGINAIS DOS FAR\u00d3IS DE NEBLINA HAL\u00d3GENOS<\/strong><br \/>\n1209177<br \/>\n1209077<br \/>\n620662<br \/>\n4709052<br \/>\n8321A097<br \/>\n5001874722<br \/>\n26155-00Q0A<br \/>\n35500-63J00<br \/>\n35500-63J03<br \/>\n088358<br \/>\n26150-VD300<br \/>\n26150-EB500<br \/>\n35500-63J02<br \/>\n6710027<br \/>\n8200074008<br \/>\nC2S1740<br \/>\n<strong>AJUSTES:<\/strong><br \/>\nCitro\u00ebn C4 I (LC_) 2004-2010<br \/>\nCitro\u00ebn C4 Saloon 2006-2012<br \/>\nCitro\u00ebn C3 FC_ Hatchback 2005-2010<br \/>\nCitro\u00ebn C4 Hatchback LC_ 2004-2010<br \/>\nCitro\u00ebn C4 Coupe LA_ 2004-2010<br \/>\nCitro\u00ebn C4 Grand Picasso UA_ MPV 2006-2012<br \/>\nCitroen C4 Picasso UD_ MPV 2007-2015<br \/>\nCitro\u00ebn C5 Break Estate RE_ 2004-2015<br \/>\nCitro\u00ebn C5 Hatchback RC_ 2004-2015<br \/>\nCitro\u00ebn C6 TD_ Saloon 2005-2015<br \/>\nCitro\u00ebn C-Crosser ENTERPRISE Box 2009-2013<br \/>\nCitro\u00ebn C-Crosser (EP_) Ve\u00edculo off-road fechado 2007-2013<br \/>\nCitroen Xsara Picasso MPV N68 1999-2015<\/p>\n<\/div>","protected":false},"excerpt":{"rendered":"<h1 class=\"a-size-base-plus a-text-bold\">Sobre este item<\/h1>\n<ul class=\"a-unordered-list a-vertical a-spacing-mini\">\n<li class=\"a-spacing-mini\"><span class=\"a-list-item\">Usando a maioria das lentes LED de ponta - lente de foco pontual. Diferentemente do vidro tradicional, a lente de foco pontual usa um processo de moldagem por inje\u00e7\u00e3o de pl\u00e1stico, de modo que a superf\u00edcie curva complexa calculada pelo computador possa ser formada. A lente de foco pontual usa um design hiperboloide, que tem maior efici\u00eancia \u00f3ptica e um tipo de luz mais amplo, de modo que esse tipo de lente pode realizar a fun\u00e7\u00e3o de farol de neblina e a fun\u00e7\u00e3o de ilumina\u00e7\u00e3o auxiliar da curva ao mesmo tempo.<\/span><\/li>\n<li class=\"a-spacing-mini\"><span class=\"a-list-item\">Esse farol de neblina \u00e9 compat\u00edvel com os orif\u00edcios de montagem do farol de neblina dos carros Citro\u00ebn e com a interface da l\u00e2mpada hal\u00f3gena (H11 H9 H8) no mercado, al\u00e9m de ter grande versatilidade e ser muito conveniente para atualiza\u00e7\u00f5es e modifica\u00e7\u00f5es.<\/span><\/li>\n<li class=\"a-spacing-mini\"><span class=\"a-list-item\">Siemid Autolights - Foco em pesquisa, desenvolvimento e fabrica\u00e7\u00e3o de l\u00e2mpadas automotivas. A ess\u00eancia do setor, liderando a tend\u00eancia do setor! Temos o compromisso de produzir produtos que sejam seguros e satisfat\u00f3rios para os consumidores. Bem-vindo \u00e0 sua escolha.<\/span><\/li>\n<li class=\"a-spacing-mini\"><span class=\"a-list-item\">Alta qualidade, 6 meses de garantia.<\/span><\/li>\n<li class=\"a-spacing-mini\"><span class=\"a-list-item\">Embalagem: dois pacotes<\/span><\/li>\n<\/ul>","protected":false},"featured_media":40472,"comment_status":"open","ping_status":"closed","template":"","meta":{"_acf_changed":false,"om_disable_all_campaigns":false,"inline_featured_image":false,"_mi_skip_tracking":false,"_monsterinsights_sitenote_active":false,"_monsterinsights_sitenote_note":"","_monsterinsights_sitenote_category":0},"product_brand":[],"product_cat":[554],"product_tag":[135147],"class_list":{"0":"post-41808","1":"product","2":"type-product","3":"status-publish","4":"has-post-thumbnail","6":"product_cat-fog-lights-automotive-lighting","7":"product_tag-warehouse-location-united-states","8":"product_shipping_class-us-stock-flat","10":"first","11":"instock","12":"sale","13":"featured","14":"shipping-taxable","15":"purchasable","16":"product-type-simple"},"acf":[],"aioseo_notices":[],"_links":{"self":[{"href":"https:\/\/siemid.com\/pt\/wp-json\/wp\/v2\/product\/41808","targetHints":{"allow":["GET"]}}],"collection":[{"href":"https:\/\/siemid.com\/pt\/wp-json\/wp\/v2\/product"}],"about":[{"href":"https:\/\/siemid.com\/pt\/wp-json\/wp\/v2\/types\/product"}],"replies":[{"embeddable":true,"href":"https:\/\/siemid.com\/pt\/wp-json\/wp\/v2\/comments?post=41808"}],"wp:featuredmedia":[{"embeddable":true,"href":"https:\/\/siemid.com\/pt\/wp-json\/wp\/v2\/media\/40472"}],"wp:attachment":[{"href":"https:\/\/siemid.com\/pt\/wp-json\/wp\/v2\/media?parent=41808"}],"wp:term":[{"taxonomy":"product_brand","embeddable":true,"href":"https:\/\/siemid.com\/pt\/wp-json\/wp\/v2\/product_brand?post=41808"},{"taxonomy":"product_cat","embeddable":true,"href":"https:\/\/siemid.com\/pt\/wp-json\/wp\/v2\/product_cat?post=41808"},{"taxonomy":"product_tag","embeddable":true,"href":"https:\/\/siemid.com\/pt\/wp-json\/wp\/v2\/product_tag?post=41808"}],"curies":[{"name":"wp","href":"https:\/\/api.w.org\/{rel}","templated":true}]}}