{"id":41823,"date":"2024-01-16T13:52:19","date_gmt":"2024-01-16T13:52:19","guid":{"rendered":"https:\/\/siemid.com\/?post_type=product&#038;p=41823"},"modified":"2025-10-09T17:35:40","modified_gmt":"2025-10-09T17:35:40","slug":"2-pcs-high-quality-led-fog-lights-assemblies-for-toyota-corolla-innova-highlander-chr-c-hr-prius-hilux-revo-2019-2020-2021-2022-2023-hatchback-cross","status":"publish","type":"product","link":"https:\/\/siemid.com\/pt\/produto\/2-pcs-high-quality-led-fog-lights-assemblies-for-toyota-corolla-innova-highlander-chr-c-hr-prius-hilux-revo-2019-2020-2021-2022-2023-hatchback-cross\/","title":{"rendered":"2 pe\u00e7as de conjuntos de far\u00f3is de neblina de LED de alta qualidade para Toyota Corolla Innova Highlander CHR C-HR Prius Hilux Revo 2019 2020 2021 2022 2023 Hatchback Cross"},"content":{"rendered":"<h2 class=\"default\">Descri\u00e7\u00e3o do produto<\/h2>\n<div id=\"productDescription\" class=\"a-section a-spacing-small\">\n<p><strong><span class=\"a-text-bold\">Farol de neblina LED universal para carros Toyota, lado direito e esquerdo<\/span><\/strong><br \/>\nFotos reais, garantia de alta qualidade!<br \/>\n- L\u00e2mpada: LED-12V 5W<br \/>\n- Cor da luz: branca<br \/>\n- Baixa taxa de defeitos<br \/>\n- 100% \u00e0 prova d'\u00e1gua<br \/>\n- Substitui\u00e7\u00e3o direta.<strong><span class=\"a-text-bold\">(Preste aten\u00e7\u00e3o aos plugues e verifique se os conectores correspondem aos plugues do chicote)<\/span><\/strong><br \/>\n- Torna seu carro mais bonito e seguro<br \/>\n- 12 meses de garantia<br \/>\n- Montagem r\u00e1pida e f\u00e1cil sem nenhuma modifica\u00e7\u00e3o<br \/>\n- As l\u00e2mpadas de LED proporcionam excelente ilumina\u00e7\u00e3o<br \/>\n- Carca\u00e7a n\u00e3o corrosiva e lente de alto impacto<br \/>\n- Alto desempenho para os f\u00e3s do anto restyling<br \/>\n<strong><span class=\"a-text-bold\">N\u00famero de refer\u00eancia do OEM:<\/span><\/strong><br \/>\n81210-12240, 81220-12240<br \/>\n<strong><span class=\"a-text-bold\">N\u00famero de refer\u00eancia do Partslink:<\/span><\/strong><br \/>\nTO2593142, TO2592142<br \/>\n<strong><span class=\"a-text-bold\">Modelo adequado:<\/span><\/strong><br \/>\nPara Toyota Corolla Hatchback 2019-2023<br \/>\nPara Toyota Corolla Cross 2021-2023<br \/>\nPara Toyota C-HR 2019- 2023<br \/>\nPara Toyota Hilux Revo 2020-2021<br \/>\nPara Toyota Hilux Revo Rocco 2020-2022<br \/>\nPara Toyota Land Cruiser S\u00e9rie 300 LC300 2021-2022<br \/>\nPara Toyota Prius 2019-2022<br \/>\n<strong><span class=\"a-text-bold\">Pacote incluso<\/span><\/strong><br \/>\n2 x far\u00f3is de neblina (lado direito e esquerdo)<\/p>\n<\/div>","protected":false},"excerpt":{"rendered":"<h1 class=\"a-size-base-plus a-text-bold\">Sobre este item<\/h1>\n<ul class=\"a-unordered-list a-vertical a-spacing-mini\">\n<li class=\"a-spacing-mini\"><span class=\"a-list-item\">Chip de LED de alto brilho, IP7 \u00e0 prova d'\u00e1gua, longa vida \u00fatil<\/span><\/li>\n<li class=\"a-spacing-mini\"><span class=\"a-list-item\">N\u00famero OEM \/ Interc\u00e2mbio \/ PartsLink: TO1038231 \/ TO1039231, 8121012240 \/ 8122012240<\/span><\/li>\n<li class=\"a-spacing-mini\"><span class=\"a-list-item\">Plug and Play direto se usado como farol de neblina de substitui\u00e7\u00e3o original.<\/span><\/li>\n<li class=\"a-spacing-mini\"><span class=\"a-list-item\">Essa autope\u00e7a n\u00e3o \u00e9 fornecida com um manual de instala\u00e7\u00e3o; recomenda-se a instala\u00e7\u00e3o profissional<\/span><\/li>\n<\/ul>\n<ul class=\"a-unordered-list a-vertical a-spacing-mini\">\n<li class=\"a-spacing-mini\"><span class=\"a-list-item\">Siemid Autolights - Foco em pesquisa, desenvolvimento e fabrica\u00e7\u00e3o de l\u00e2mpadas automotivas. A ess\u00eancia do setor, liderando a tend\u00eancia do setor! Temos o compromisso de produzir produtos que sejam seguros e satisfat\u00f3rios para os consumidores. Bem-vindo \u00e0 sua escolha.<\/span><\/li>\n<li class=\"a-spacing-mini\"><span class=\"a-list-item\">Alta qualidade, 6 meses de garantia.<\/span><\/li>\n<li class=\"a-spacing-mini\"><span class=\"a-list-item\">Embalagem: dois pacotes<\/span><\/li>\n<\/ul>","protected":false},"featured_media":41837,"comment_status":"open","ping_status":"closed","template":"","meta":{"_acf_changed":false,"om_disable_all_campaigns":false,"inline_featured_image":false,"_mi_skip_tracking":false,"_monsterinsights_sitenote_active":false,"_monsterinsights_sitenote_note":"","_monsterinsights_sitenote_category":0},"product_brand":[],"product_cat":[554],"product_tag":[135147],"class_list":{"0":"post-41823","1":"product","2":"type-product","3":"status-publish","4":"has-post-thumbnail","6":"product_cat-fog-lights-automotive-lighting","7":"product_tag-warehouse-location-united-states","8":"product_shipping_class-us-stock-flat","9":"pa_compatibility-2019-toyota-c-hr","10":"pa_compatibility-2019-toyota-corolla","11":"pa_compatibility-2019-toyota-prius","12":"pa_compatibility-2020-toyota-hilux","13":"pa_compatibility-2021-toyota-land-cruiser","15":"first","16":"instock","17":"sale","18":"featured","19":"shipping-taxable","20":"purchasable","21":"product-type-variable"},"acf":[],"aioseo_notices":[],"_links":{"self":[{"href":"https:\/\/siemid.com\/pt\/wp-json\/wp\/v2\/product\/41823","targetHints":{"allow":["GET"]}}],"collection":[{"href":"https:\/\/siemid.com\/pt\/wp-json\/wp\/v2\/product"}],"about":[{"href":"https:\/\/siemid.com\/pt\/wp-json\/wp\/v2\/types\/product"}],"replies":[{"embeddable":true,"href":"https:\/\/siemid.com\/pt\/wp-json\/wp\/v2\/comments?post=41823"}],"wp:featuredmedia":[{"embeddable":true,"href":"https:\/\/siemid.com\/pt\/wp-json\/wp\/v2\/media\/41837"}],"wp:attachment":[{"href":"https:\/\/siemid.com\/pt\/wp-json\/wp\/v2\/media?parent=41823"}],"wp:term":[{"taxonomy":"product_brand","embeddable":true,"href":"https:\/\/siemid.com\/pt\/wp-json\/wp\/v2\/product_brand?post=41823"},{"taxonomy":"product_cat","embeddable":true,"href":"https:\/\/siemid.com\/pt\/wp-json\/wp\/v2\/product_cat?post=41823"},{"taxonomy":"product_tag","embeddable":true,"href":"https:\/\/siemid.com\/pt\/wp-json\/wp\/v2\/product_tag?post=41823"}],"curies":[{"name":"wp","href":"https:\/\/api.w.org\/{rel}","templated":true}]}}