{"id":41871,"date":"2024-01-18T14:29:28","date_gmt":"2024-01-18T14:29:28","guid":{"rendered":"https:\/\/siemid.com\/?post_type=product&#038;p=41871"},"modified":"2026-01-31T18:25:45","modified_gmt":"2026-01-31T18:25:45","slug":"fog-lights-for-bmw-5-series-lci-f07-f10-f11-f18-gt-touring-hybird-520i-525li-528i-530i-535le-535li-550i-2013-2014-2015-2016-driver-side-passenger-side-63177311293-63177311294","status":"publish","type":"product","link":"https:\/\/siemid.com\/pt\/produto\/fog-lights-for-bmw-5-series-lci-f07-f10-f11-f18-gt-touring-hybird-520i-525li-528i-530i-535le-535li-550i-2013-2014-2015-2016-driver-side-passenger-side-63177311293-63177311294\/","title":{"rendered":"Far\u00f3is de neblina para BMW S\u00e9rie 5 LCI F07 F10 F11 F18 GT Touring Hybird 520i 525li 528i 530i 535Le 535Li 550i 2013 2014 2015 2016 Lado do motorista Lado do passageiro 63177311293 63177311294"},"content":{"rendered":"<p>2014-2016 BMW S\u00e9rie 5 F10 528i\/535i\/550i Far\u00f3is de neblina do motorista e do passageiro<br \/>\n100% Nov\u00edssimo<br \/>\nAprovado pelo DOT e SAE, tem o mesmo ajuste e qualidade do OEM.<br \/>\nO \u00e2ngulo de ilumina\u00e7\u00e3o \u00e9 muito amplo (120 graus \u00e0 esquerda e \u00e0 direita), e a linha de corte \u00e9 clara e n\u00edtida.<br \/>\nSubstitui\u00e7\u00e3o de OEM Ser\u00e1 adequado para OEM #: 63177311293, 63177311294 \/ Partslink #: BM2592152, BM2593152<br \/>\nAntes de comprar, compare o n\u00famero do OEM ou do Partslink para ver se ele \u00e9 id\u00eantico ao n\u00famero da pe\u00e7a que voc\u00ea tem. Isso garantir\u00e1 a compatibilidade com o 100%.<br \/>\nObserva\u00e7\u00f5es: Para pe\u00e7as de reposi\u00e7\u00e3o, verifique o OEM# ou Partslink# na descri\u00e7\u00e3o para ver se corresponde antes de comprar. Se n\u00e3o for exatamente igual, n\u00e3o servir\u00e1!<\/p>","protected":false},"excerpt":{"rendered":"<h1 class=\"a-size-base-plus a-text-bold\">Sobre este item<\/h1>\n<ul class=\"a-unordered-list a-vertical a-spacing-mini\">\n<li class=\"a-spacing-mini\"><span class=\"a-list-item\">100% Nov\u00edssimo, aprovado pelo DOT &amp;AMP; SAE<\/span><\/li>\n<li class=\"a-spacing-mini\"><span class=\"a-list-item\">Tem o mesmo ajuste e qualidade de OEM<\/span><\/li>\n<li class=\"a-spacing-mini\"><span class=\"a-list-item\">O \u00e2ngulo de ilumina\u00e7\u00e3o \u00e9 muito amplo (120 graus \u00e0 esquerda e \u00e0 direita), e a linha de corte \u00e9 clara e n\u00edtida<\/span><\/li>\n<\/ul>","protected":false},"featured_media":41876,"comment_status":"open","ping_status":"closed","template":"","meta":{"_acf_changed":false,"om_disable_all_campaigns":false,"inline_featured_image":false,"_mi_skip_tracking":false,"_monsterinsights_sitenote_active":false,"_monsterinsights_sitenote_note":"","_monsterinsights_sitenote_category":0},"product_brand":[],"product_cat":[554],"product_tag":[135147],"class_list":{"0":"post-41871","1":"product","2":"type-product","3":"status-publish","4":"has-post-thumbnail","6":"product_cat-fog-lights-automotive-lighting","7":"product_tag-warehouse-location-united-states","8":"product_shipping_class-us-stock-flat","9":"pa_compatibility-2014-bmw-520i","10":"pa_compatibility-2014-bmw-528i","11":"pa_compatibility-2014-bmw-528i-xdrive","12":"pa_compatibility-2014-bmw-535d","13":"pa_compatibility-2014-bmw-535d-xdrive","14":"pa_compatibility-2014-bmw-535i","15":"pa_compatibility-2014-bmw-535i-gt","16":"pa_compatibility-2014-bmw-535i-gt-xdrive","17":"pa_compatibility-2014-bmw-535i-xdrive","18":"pa_compatibility-2014-bmw-550i","19":"pa_compatibility-2014-bmw-550i-gt","20":"pa_compatibility-2014-bmw-550i-gt-xdrive","21":"pa_compatibility-2014-bmw-550i-xdrive","23":"first","24":"instock","25":"sale","26":"featured","27":"shipping-taxable","28":"purchasable","29":"product-type-variable"},"acf":[],"aioseo_notices":[],"_links":{"self":[{"href":"https:\/\/siemid.com\/pt\/wp-json\/wp\/v2\/product\/41871","targetHints":{"allow":["GET"]}}],"collection":[{"href":"https:\/\/siemid.com\/pt\/wp-json\/wp\/v2\/product"}],"about":[{"href":"https:\/\/siemid.com\/pt\/wp-json\/wp\/v2\/types\/product"}],"replies":[{"embeddable":true,"href":"https:\/\/siemid.com\/pt\/wp-json\/wp\/v2\/comments?post=41871"}],"wp:featuredmedia":[{"embeddable":true,"href":"https:\/\/siemid.com\/pt\/wp-json\/wp\/v2\/media\/41876"}],"wp:attachment":[{"href":"https:\/\/siemid.com\/pt\/wp-json\/wp\/v2\/media?parent=41871"}],"wp:term":[{"taxonomy":"product_brand","embeddable":true,"href":"https:\/\/siemid.com\/pt\/wp-json\/wp\/v2\/product_brand?post=41871"},{"taxonomy":"product_cat","embeddable":true,"href":"https:\/\/siemid.com\/pt\/wp-json\/wp\/v2\/product_cat?post=41871"},{"taxonomy":"product_tag","embeddable":true,"href":"https:\/\/siemid.com\/pt\/wp-json\/wp\/v2\/product_tag?post=41871"}],"curies":[{"name":"wp","href":"https:\/\/api.w.org\/{rel}","templated":true}]}}