{"id":41883,"date":"2024-01-18T15:31:25","date_gmt":"2024-01-18T15:31:25","guid":{"rendered":"https:\/\/siemid.com\/?post_type=product&#038;p=41883"},"modified":"2025-10-09T17:38:38","modified_gmt":"2025-10-09T17:38:38","slug":"led-fog-lamp-fits-2015-2016-2017-ford-mustang-fr3z-15200-a-light-with-wide-angle-and-sharp-cut-off-line-fr3z-15200-a-fo2592234","status":"publish","type":"product","link":"https:\/\/siemid.com\/pt\/produto\/led-fog-lamp-fits-2015-2016-2017-ford-mustang-fr3z-15200-a-light-with-wide-angle-and-sharp-cut-off-line-fr3z-15200-a-fo2592234\/","title":{"rendered":"Farol de neblina de LED compat\u00edvel com o Ford Mustang 2015 2016 2017 FR3Z-15200-A Luz com \u00e2ngulo amplo e linha de corte n\u00edtida FR3Z-15200-A FO2592234"},"content":{"rendered":"<h2 class=\"default\">Descri\u00e7\u00e3o do produto<\/h2>\n<div id=\"productDescription_expander\" class=\"a-expander-collapsed-height a-row a-expander-container a-spacing-base a-expander-partial-collapse-container celwidget\" data-a-expander-name=\"productDescription_expander_m\" data-a-expander-collapsed-height=\"200\" data-csa-c-id=\"xobmj-m1o84s-7vljkv-8htzdw\" data-cel-widget=\"productDescription_expander\">\n<div class=\"a-expander-content a-expander-partial-collapse-content a-expander-content-expanded\" aria-expanded=\"true\">\n<div id=\"productDescription\" class=\"a-section a-spacing-small\">\n<p>NOVO PAR DE FAR\u00d3IS DE NEBLINA PARA FORD MUSTANG 2015 2016 2017<br \/>\nFR3Z-15200-A FO2592234<br \/>\nSubstitui os n\u00fameros de pe\u00e7a e as especifica\u00e7\u00f5es<br \/>\nFORD: FR3Z 15200 A FR3Z-15200-A FR3Z15200A<br \/>\nPARTSLINK: FO2592234<br \/>\nDESCRI\u00c7\u00c3O DO ITEM: PAR DE FAR\u00d3IS DE NEBLINA<br \/>\nTIPO DE UNIDADE: FORD<br \/>\nQUANTIDADE: 2<br \/>\nPOSI\u00c7\u00c3O: LADOS DIREITO E ESQUERDO<br \/>\nL\u00e2mpada inclu\u00edda: SIM<br \/>\nFONTE: AFTERMARKET<br \/>\n<strong>Os recursos incluem:<\/strong><br \/>\n.Come Complete<br \/>\no L\u00e2mpadas de LED de alta pot\u00eancia.<br \/>\no \u00c2ngulo de cobertura extra amplo (140 graus \u00e0 esquerda e \u00e0 direita)<br \/>\no A linha de corte \u00e9 clara e n\u00edtida.<br \/>\no Aprova\u00e7\u00e3o ECE F3 SAE DOT.<br \/>\no Reutilizar o hardware existente.<br \/>\n<strong>Servir voc\u00ea com a melhor ilumina\u00e7\u00e3o!<\/strong><br \/>\n<strong>Obrigado!<\/strong><\/p>\n<\/div>\n<\/div>\n<\/div>","protected":false},"excerpt":{"rendered":"<h1 class=\"a-size-base-plus a-text-bold\">Sobre este item<\/h1>\n<ul class=\"a-unordered-list a-vertical a-spacing-mini\">\n<li class=\"a-spacing-mini\"><span class=\"a-list-item\">L\u00e2mpadas de LED de alta pot\u00eancia<\/span><\/li>\n<li class=\"a-spacing-mini\"><span class=\"a-list-item\">\u00c2ngulo de cobertura extra amplo (140 graus \u00e0 esquerda e \u00e0 direita)<\/span><\/li>\n<li class=\"a-spacing-mini\"><span class=\"a-list-item\">A linha de corte \u00e9 clara e n\u00edtida<\/span><\/li>\n<li class=\"a-spacing-mini\"><span class=\"a-list-item\">Aprova\u00e7\u00e3o ECE F3 SAE DOT<\/span><\/li>\n<li class=\"a-spacing-mini\"><span class=\"a-list-item\">Luzes de profiss\u00e3o, far\u00f3is de neblina reais<\/span><\/li>\n<\/ul>","protected":false},"featured_media":40472,"comment_status":"open","ping_status":"closed","template":"","meta":{"_acf_changed":false,"om_disable_all_campaigns":false,"inline_featured_image":false,"_mi_skip_tracking":false,"_monsterinsights_sitenote_active":false,"_monsterinsights_sitenote_note":"","_monsterinsights_sitenote_category":0},"product_brand":[],"product_cat":[554],"product_tag":[135147],"class_list":{"0":"post-41883","1":"product","2":"type-product","3":"status-publish","4":"has-post-thumbnail","6":"product_cat-fog-lights-automotive-lighting","7":"product_tag-warehouse-location-united-states","8":"product_shipping_class-us-stock-flat","9":"pa_compatibility-2015-ford-mustang","11":"first","12":"instock","13":"sale","14":"featured","15":"shipping-taxable","16":"purchasable","17":"product-type-simple"},"acf":[],"aioseo_notices":[],"_links":{"self":[{"href":"https:\/\/siemid.com\/pt\/wp-json\/wp\/v2\/product\/41883","targetHints":{"allow":["GET"]}}],"collection":[{"href":"https:\/\/siemid.com\/pt\/wp-json\/wp\/v2\/product"}],"about":[{"href":"https:\/\/siemid.com\/pt\/wp-json\/wp\/v2\/types\/product"}],"replies":[{"embeddable":true,"href":"https:\/\/siemid.com\/pt\/wp-json\/wp\/v2\/comments?post=41883"}],"wp:featuredmedia":[{"embeddable":true,"href":"https:\/\/siemid.com\/pt\/wp-json\/wp\/v2\/media\/40472"}],"wp:attachment":[{"href":"https:\/\/siemid.com\/pt\/wp-json\/wp\/v2\/media?parent=41883"}],"wp:term":[{"taxonomy":"product_brand","embeddable":true,"href":"https:\/\/siemid.com\/pt\/wp-json\/wp\/v2\/product_brand?post=41883"},{"taxonomy":"product_cat","embeddable":true,"href":"https:\/\/siemid.com\/pt\/wp-json\/wp\/v2\/product_cat?post=41883"},{"taxonomy":"product_tag","embeddable":true,"href":"https:\/\/siemid.com\/pt\/wp-json\/wp\/v2\/product_tag?post=41883"}],"curies":[{"name":"wp","href":"https:\/\/api.w.org\/{rel}","templated":true}]}}