{"id":41903,"date":"2024-02-29T03:26:53","date_gmt":"2024-02-29T03:26:53","guid":{"rendered":"https:\/\/siemid.com\/?post_type=product&#038;p=41903"},"modified":"2026-05-04T05:52:21","modified_gmt":"2026-05-04T05:52:21","slug":"1-pcs-h11-fog-lights-for-infiniti-ex35-fx35-fx45-fx50-g37-g25-m37-m56-m35h-qx56","status":"publish","type":"product","link":"https:\/\/siemid.com\/pt\/produto\/1-pcs-h11-fog-lights-for-infiniti-ex35-fx35-fx45-fx50-g37-g25-m37-m56-m35h-qx56\/","title":{"rendered":"1 pe\u00e7a de far\u00f3is de neblina H11 para Infiniti EX35 FX35 FX45 FX50 G37 G25 M37 M56 M35h QX56"},"content":{"rendered":"<h2><b>Descri\u00e7\u00e3o do produto<\/b><b><\/b><\/h2>\n<p class=\"p\">Condi\u00e7\u00e3o: 100% Nov\u00edssimo<br \/>\nPacote incluso:<br \/>\nUm farol de neblina PCS<br \/>\n(A l\u00e2mpada H11 est\u00e1 inclu\u00edda)<br \/>\nTamanho (conforme a imagem mostrada): Di\u00e2metro: 3 1\/2\u2033 (9cm)\/ Altura: 2 3\/4\u2033 (7cm)<br \/>\nCor: Carca\u00e7a preta + lente transparente<br \/>\nCor da luz: Branco frio<br \/>\nTipo de l\u00e2mpada: H11<br \/>\nPot\u00eancia: 55W<br \/>\nN\u00famero de refer\u00eancia da pe\u00e7a: 261508993B \/ NI2590103\/ 261508992B\/ 261508999B\/ 261508990B\/ 26150-8990B<br \/>\nMaterial: Carca\u00e7a de ABS + lente de vidro real<br \/>\nPeso: 440g<\/p>\n<p>Recurso:<br \/>\nFabricado em ABS dur\u00e1vel de alta qualidade e premium<br \/>\nAs lentes transparentes s\u00e3o feitas de vidro real.<br \/>\nVem com l\u00e2mpadas H11<br \/>\nMelhor visibilidade. Garanta a seguran\u00e7a do motorista em tempo de neblina, chuva, poeira ou neve<br \/>\nSubstitui\u00e7\u00e3o direta sem nenhuma modifica\u00e7\u00e3o. Ajuste perfeito, f\u00e1cil instala\u00e7\u00e3o<\/p>\n<p class=\"p\">Adequa\u00e7\u00e3o:<\/p>\n<p><span class=\"a-text-bold\">\u00a0 \u00a0 \u00a0 \u00a0\u00a0<\/span>\u00a02008-2012 Infiniti EX35<\/p>\n<p><span class=\"a-text-bold\">\u00a0 \u00a0 \u00a0 \u00a0 \u00a02006-2012 Infiniti FX35<\/span><\/p>\n<p><span class=\"a-text-bold\">\u00a0 \u00a0 \u00a0 \u00a0 \u00a02006-2008 Infiniti FX45<\/span><\/p>\n<p><span class=\"a-text-bold\">\u00a0 \u00a0 \u00a0 \u00a0 \u00a02009-2013 Infiniti FX50<\/span><\/p>\n<p><span class=\"a-text-bold\">\u00a0 \u00a0 \u00a0 \u00a0 \u00a02010-2013 Infiniti G37<\/span><\/p>\n<p><span class=\"a-text-bold\">\u00a0 \u00a0 \u00a0 \u00a0 \u00a02011-2012 Infiniti G25<\/span><\/p>\n<p><span class=\"a-text-bold\">\u00a0 \u00a0 \u00a0 \u00a0 \u00a02011-2013 Infiniti M37\/M56<\/span><\/p>\n<p><span class=\"a-text-bold\">\u00a0 \u00a0 \u00a0 \u00a0 \u00a02012 Infiniti M35h (data de produ\u00e7\u00e3o at\u00e9 agosto de 2011)<\/span><\/p>\n<p><span class=\"a-text-bold\">\u00a0 \u00a0 \u00a0 \u00a0 \u00a02011-2012 Infiniti QX56 (data de produ\u00e7\u00e3o at\u00e9 outubro de 2011)<\/span><\/p>\n<p><span class=\"a-text-bold\">\u00a0 \u00a0 \u00a0 \u00a0 \u00a02010-2013 Infiniti G37 Sedan<\/span><\/p>\n<p><span class=\"a-text-bold\">\u00a0 \u00a0 \u00a0 \u00a0 \u00a02009-2014 Nissan Cube\/Murano<\/span><\/p>\n<p><span class=\"a-text-bold\">\u00a0 \u00a0 \u00a0 \u00a0 \u00a02011-2014\u00a0<\/span>Nissan Juke\/Quest<\/p>\n<p><span class=\"a-text-bold\">\u00a0 \u00a0 \u00a0 \u00a0 \u00a02007-2012\u00a0<\/span>Nissan Versa<\/p>\n<p><span class=\"a-text-bold\">\u00a0 \u00a0 \u00a0 \u00a0 \u00a02011-2013\u00a0<\/span>Nissan Rouge<\/p>\n<p><span class=\"a-text-bold\">\u00a0 \u00a0 \u00a0 \u00a0 \u00a02014-2015 <\/span>Nissan Rogue Select<\/p>","protected":false},"excerpt":{"rendered":"<p><strong>Condi\u00e7\u00e3o:<\/strong> 100% Nov\u00edssimo<br \/>\n<strong>Pacote incluso:<\/strong>Um farol de neblina PCS (l\u00e2mpada H11 inclu\u00edda)<br \/>\nTamanho (conforme a imagem mostrada): <strong>Di\u00e2metro:<\/strong> 3 1\/2\u2033 (9cm)\/ Altura: 2 3\/4\u2033 (7cm)<br \/>\n<strong>Cor:<\/strong> Carca\u00e7a preta + lente transparente<br \/>\n<strong>Cor da luz:<\/strong> Branco frio<br \/>\n<strong>Tipo de l\u00e2mpada:<\/strong> H11<br \/>\n<strong>Pot\u00eancia:<\/strong> 55W<br \/>\n<strong>N\u00famero de refer\u00eancia da pe\u00e7a :<\/strong> 261508993B \/ NI2590103\/ 261508992B\/ 261508999B\/ 261508990B\/ 26150-8990B<br \/>\n<strong>Material:<\/strong> Carca\u00e7a de ABS + lente de vidro real<br \/>\n<strong>Peso:<\/strong> 440g<\/p>","protected":false},"featured_media":41904,"comment_status":"open","ping_status":"closed","template":"","meta":{"_acf_changed":false,"om_disable_all_campaigns":false,"inline_featured_image":false,"_mi_skip_tracking":false,"_monsterinsights_sitenote_active":false,"_monsterinsights_sitenote_note":"","_monsterinsights_sitenote_category":0},"product_brand":[],"product_cat":[554],"product_tag":[135147],"class_list":{"0":"post-41903","1":"product","2":"type-product","3":"status-publish","4":"has-post-thumbnail","6":"product_cat-fog-lights-automotive-lighting","7":"product_tag-warehouse-location-united-states","8":"product_shipping_class-us-stock-flat","9":"pa_compatibility-2015-ford-mustang","11":"first","12":"instock","13":"sale","14":"featured","15":"shipping-taxable","16":"purchasable","17":"product-type-simple"},"acf":[],"aioseo_notices":[],"_links":{"self":[{"href":"https:\/\/siemid.com\/pt\/wp-json\/wp\/v2\/product\/41903","targetHints":{"allow":["GET"]}}],"collection":[{"href":"https:\/\/siemid.com\/pt\/wp-json\/wp\/v2\/product"}],"about":[{"href":"https:\/\/siemid.com\/pt\/wp-json\/wp\/v2\/types\/product"}],"replies":[{"embeddable":true,"href":"https:\/\/siemid.com\/pt\/wp-json\/wp\/v2\/comments?post=41903"}],"wp:featuredmedia":[{"embeddable":true,"href":"https:\/\/siemid.com\/pt\/wp-json\/wp\/v2\/media\/41904"}],"wp:attachment":[{"href":"https:\/\/siemid.com\/pt\/wp-json\/wp\/v2\/media?parent=41903"}],"wp:term":[{"taxonomy":"product_brand","embeddable":true,"href":"https:\/\/siemid.com\/pt\/wp-json\/wp\/v2\/product_brand?post=41903"},{"taxonomy":"product_cat","embeddable":true,"href":"https:\/\/siemid.com\/pt\/wp-json\/wp\/v2\/product_cat?post=41903"},{"taxonomy":"product_tag","embeddable":true,"href":"https:\/\/siemid.com\/pt\/wp-json\/wp\/v2\/product_tag?post=41903"}],"curies":[{"name":"wp","href":"https:\/\/api.w.org\/{rel}","templated":true}]}}